{"id":78,"date":"2024-04-09T13:01:15","date_gmt":"2024-04-09T13:01:15","guid":{"rendered":"https:\/\/tiinahunting.com\/?page_id=78"},"modified":"2024-04-09T13:01:15","modified_gmt":"2024-04-09T13:01:15","slug":"metsastaja-ja-somettamisen-vaikeudet","status":"publish","type":"page","link":"https:\/\/tiinahunting.com\/?page_id=78","title":{"rendered":"Mets\u00e4st\u00e4j\u00e4 ja somettamisen vaikeudet"},"content":{"rendered":"\n<p>T\u00e4n\u00e4 p\u00e4iv\u00e4n\u00e4 mets\u00e4st\u00e4jien somettamisesta on tehty hankalaa. Erityisesti TikTokissa ja Instagramissa. Instagramin botit skannaavat kuvia, ja kun l\u00f6yt\u00e4v\u00e4t kuvia aseista niin asettavat tilin sellaiseen tilaan ettei se n\u00e4y muuta kuin seuraajille. T\u00e4m\u00e4 taas vahingoittaa tilin pit\u00e4j\u00e4n ty\u00f6t\u00e4 jos on haaveissa kasvattaa tilill\u00e4\u00e4n seuraajien m\u00e4\u00e4ri\u00e4. N\u00e4m\u00e4 kuvia ja videoita skannaavat botit ovat \u00e4\u00e4rimm\u00e4isen hyvi\u00e4, koska muuten Instagramissa sis\u00e4lt\u00f6 voisi olla todella ik\u00e4v\u00e4\u00e4. Harmi vaan, etteiv\u00e4t botit ymm\u00e4rr\u00e4 milloin on kyse mets\u00e4styksest\u00e4 ja milloin ei. <\/p>\n\n\n<div class=\"wp-block-image\">\n<figure class=\"aligncenter size-large\"><img loading=\"lazy\" decoding=\"async\" width=\"768\" height=\"1024\" src=\"https:\/\/tiinahunting.com\/wp-content\/uploads\/2024\/04\/IMG_4140_jpg-768x1024.jpg\" alt=\"\" class=\"wp-image-79\" srcset=\"https:\/\/tiinahunting.com\/wp-content\/uploads\/2024\/04\/IMG_4140_jpg-768x1024.jpg 768w, https:\/\/tiinahunting.com\/wp-content\/uploads\/2024\/04\/IMG_4140_jpg-225x300.jpg 225w, https:\/\/tiinahunting.com\/wp-content\/uploads\/2024\/04\/IMG_4140_jpg-1152x1536.jpg 1152w, https:\/\/tiinahunting.com\/wp-content\/uploads\/2024\/04\/IMG_4140_jpg-1536x2048.jpg 1536w, https:\/\/tiinahunting.com\/wp-content\/uploads\/2024\/04\/IMG_4140_jpg-45x60.jpg 45w, https:\/\/tiinahunting.com\/wp-content\/uploads\/2024\/04\/IMG_4140_jpg-scaled.jpg 1920w\" sizes=\"auto, (max-width: 768px) 100vw, 768px\" \/><\/figure>\n<\/div>\n\n\n<h3 class=\"wp-block-heading\">Yhteisty\u00f6t aseliikkeiden kanssa<\/h3>\n\n\n\n<p>N\u00e4m\u00e4 asiat hankaloittavat erityisesti silloin, jos mets\u00e4st\u00e4j\u00e4 tekee yhteisty\u00f6t\u00e4 jonkin aseliikkeen tai asemerkin kanssa. Miten mets\u00e4st\u00e4j\u00e4 voi tehd\u00e4 sis\u00e4lt\u00f6\u00e4 niin, ett\u00e4 on hy\u00f6dyksi yhteisty\u00f6kumppanilleen? <\/p>\n\n\n\n<h4 class=\"wp-block-heading\">Yhteisty\u00f6sopimuksen ehdoista keskustelu<\/h4>\n\n\n\n<p>Ehk\u00e4 t\u00e4ss\u00e4 olisi hyv\u00e4 neuvotella yhteisty\u00f6kumppanin kanssa sopimuksesta, ett\u00e4 markkinointi tulisi tapahtumaan enemm\u00e4n tarinoiden puolella, jos ainoana somekanavana toimii Instagram. Tarinat eiv\u00e4t mene estoon koska n\u00e4kyv\u00e4t vain seuraajille. Ja on ihan tutkittu asia, ett\u00e4 suurin osa somen myynneist\u00e4 ja markkinoinneista tapahtuu tarinoiden kautta. Ja t\u00e4h\u00e4n on ihan looginen selityskin. Ja koska metan s\u00e4\u00e4nn\u00f6iss\u00e4 my\u00f6s lukee, ett\u00e4 aseiden myyminen ja markkinoiminen on kielletty julkaisuissa (paitsi aseliikkeill\u00e4) niin oikeastaan vaihtoehdoksi j\u00e4\u00e4kin vain tarinat, eli stoorit. <\/p>\n\n\n\n<p class=\"has-text-align-left\">Jokaisella Instagram- tilin omistajalla on oma seuraajakuntansa ja n\u00e4ist\u00e4 seuraajista osa on hyvin sitoutuneita, he luottavat jo tilin sis\u00e4lt\u00f6\u00f6n. He katsovat my\u00f6s tarinat ja luovat mielipiteens\u00e4 niist\u00e4. Tarinoissa pystyy tekem\u00e4\u00e4n paljon henkil\u00f6kohtaisempaa sis\u00e4lt\u00f6\u00e4 kuin se pelkk\u00e4 kuva feediss\u00e4. Instagramin oman tutkimuksen mukaan 58% tarinoiden katsojista kertoivat olevan kiinnostuneempia tuotteesta n\u00e4hty\u00e4\u00e4n sen juuri tarinoissa. Tarinat ovat paljon aidompia ja persoonallisempia kuin julkaisut ja katsojien on helpompi my\u00f6s samaistua. <\/p>\n\n\n\n<h3 class=\"wp-block-heading\">Meta verified- merkki<\/h3>\n\n\n\n<div class=\"wp-block-media-text has-media-on-the-right is-stacked-on-mobile\"><div class=\"wp-block-media-text__content\">\n<p>T\u00e4m\u00e4kin viereinen kuva meni estoon kun botit tunnistivat aseen piipun. No miten sitten sain kuvat ja tilin puhtaaksi? Aluksi riitti, ett\u00e4 laitoin tarkistuspyynn\u00f6n. Mutta kun yh\u00e4 useampi kuva meni estoon ja tilini p\u00e4\u00e4tyi kokonaan n\u00e4kym\u00e4tt\u00f6m\u00e4ksi muilta kuin seuraajiltani, ostin meta verified-merkin, sen sinisen t\u00e4p\u00e4n tilini nimen per\u00e4\u00e4n. T\u00e4st\u00e4 seurasi se, ett\u00e4 sain Meta Pro Groupiin suoraan yhteyden s\u00e4hk\u00f6postilla ja pystyin selitt\u00e4m\u00e4\u00e4n asiani. Kommunikointi tapahtuu heid\u00e4n kanssaan englanniksi ja joka kerta kun vastasin heid\u00e4n viestiins\u00e4, oli joku toinen henkil\u00f6 vastaanottamassa viesti\u00e4ni ja tarvitsi 5 s\u00e4hk\u00f6postia ennen kuin tilanne korjaantui ja tilini puhdistui. <\/p>\n<\/div><figure class=\"wp-block-media-text__media\"><img loading=\"lazy\" decoding=\"async\" width=\"960\" height=\"960\" src=\"https:\/\/tiinahunting.com\/wp-content\/uploads\/2024\/03\/IMG_6397.jpg\" alt=\"\" class=\"wp-image-25 size-full\" srcset=\"https:\/\/tiinahunting.com\/wp-content\/uploads\/2024\/03\/IMG_6397.jpg 960w, https:\/\/tiinahunting.com\/wp-content\/uploads\/2024\/03\/IMG_6397-300x300.jpg 300w, https:\/\/tiinahunting.com\/wp-content\/uploads\/2024\/03\/IMG_6397-150x150.jpg 150w, https:\/\/tiinahunting.com\/wp-content\/uploads\/2024\/03\/IMG_6397-768x768.jpg 768w\" sizes=\"auto, (max-width: 960px) 100vw, 960px\" \/><\/figure><\/div>\n\n\n\n<h3 class=\"wp-block-heading\">Sitten on viel\u00e4 kiusaajia<\/h3>\n\n\n\n<p>Kun sitten t\u00e4h\u00e4n viel\u00e4 lis\u00e4t\u00e4\u00e4n kiusantekij\u00e4t, jotka ilmoittavat postauksia metalle vahingollisesta sis\u00e4ll\u00f6st\u00e4, on mets\u00e4st\u00e4jien somettaminen todella hankalaa. Varsinkin jos haluaa kasvattaa seuraajam\u00e4\u00e4ri\u00e4. T\u00e4h\u00e4nkin hyv\u00e4 keino on tuo meta verified-merkin hankkiminen, tuen saa heti. Toinen vaihtoehto on yksityinen tili, t\u00e4ll\u00f6in tili\u00e4 ei n\u00e4e kukaan muu kuin seuraaja.  Uskoisin, ett\u00e4 pian tulee my\u00f6s olemaan sanktioita heille, jotka tekev\u00e4t aiheettomia ilmoituksia julkaisuista. Ne kuitenkin ty\u00f6llist\u00e4v\u00e4t aivan valtavasti metan ty\u00f6ntekij\u00f6it\u00e4, koska ilmoituksia tulee kuulemma p\u00e4ivitt\u00e4in ihan k\u00e4sitt\u00e4m\u00e4tt\u00f6mi\u00e4 m\u00e4\u00e4ri\u00e4. Sit\u00e4 hetke\u00e4 odotellessa, ett\u00e4 t\u00e4h\u00e4n saataisiin jonkinlaista j\u00e4rjestyst\u00e4 ja oikeutta. <\/p>\n","protected":false},"excerpt":{"rendered":"<p>T\u00e4n\u00e4 p\u00e4iv\u00e4n\u00e4 mets\u00e4st\u00e4jien somettamisesta on tehty hankalaa. Erityisesti TikTokissa ja Instagramissa. Instagramin botit skannaavat kuvia, ja kun l\u00f6yt\u00e4v\u00e4t kuvia aseista niin asettavat tilin sellaiseen tilaan ettei se n\u00e4y muuta kuin seuraajille. T\u00e4m\u00e4 taas vahingoittaa tilin pit\u00e4j\u00e4n ty\u00f6t\u00e4 jos on haaveissa kasvattaa tilill\u00e4\u00e4n seuraajien m\u00e4\u00e4ri\u00e4. N\u00e4m\u00e4 kuvia ja videoita skannaavat botit ovat \u00e4\u00e4rimm\u00e4isen hyvi\u00e4, koska muuten &hellip; <\/p>\n","protected":false},"author":1,"featured_media":79,"parent":0,"menu_order":0,"comment_status":"open","ping_status":"closed","template":"","meta":{"om_disable_all_campaigns":false,"_monsterinsights_skip_tracking":false,"_monsterinsights_sitenote_active":false,"_monsterinsights_sitenote_note":"","_monsterinsights_sitenote_category":0,"_uf_show_specific_survey":0,"_uf_disable_surveys":false,"footnotes":""},"class_list":["post-78","page","type-page","status-publish","has-post-thumbnail","hentry"],"aioseo_notices":[],"_links":{"self":[{"href":"https:\/\/tiinahunting.com\/index.php?rest_route=\/wp\/v2\/pages\/78","targetHints":{"allow":["GET"]}}],"collection":[{"href":"https:\/\/tiinahunting.com\/index.php?rest_route=\/wp\/v2\/pages"}],"about":[{"href":"https:\/\/tiinahunting.com\/index.php?rest_route=\/wp\/v2\/types\/page"}],"author":[{"embeddable":true,"href":"https:\/\/tiinahunting.com\/index.php?rest_route=\/wp\/v2\/users\/1"}],"replies":[{"embeddable":true,"href":"https:\/\/tiinahunting.com\/index.php?rest_route=%2Fwp%2Fv2%2Fcomments&post=78"}],"version-history":[{"count":3,"href":"https:\/\/tiinahunting.com\/index.php?rest_route=\/wp\/v2\/pages\/78\/revisions"}],"predecessor-version":[{"id":83,"href":"https:\/\/tiinahunting.com\/index.php?rest_route=\/wp\/v2\/pages\/78\/revisions\/83"}],"wp:featuredmedia":[{"embeddable":true,"href":"https:\/\/tiinahunting.com\/index.php?rest_route=\/wp\/v2\/media\/79"}],"wp:attachment":[{"href":"https:\/\/tiinahunting.com\/index.php?rest_route=%2Fwp%2Fv2%2Fmedia&parent=78"}],"curies":[{"name":"wp","href":"https:\/\/api.w.org\/{rel}","templated":true}]}}